{"id":3557,"date":"2021-09-15T09:12:48","date_gmt":"2021-09-15T08:12:48","guid":{"rendered":"https:\/\/www.rossiniresort.com\/beauty\/"},"modified":"2023-10-26T10:37:30","modified_gmt":"2023-10-26T09:37:30","slug":"beauty","status":"publish","type":"page","link":"https:\/\/www.rossiniresort.com\/de\/beauty\/","title":{"rendered":"Beauty"},"content":{"rendered":"\t\t<div data-elementor-type=\"wp-page\" data-elementor-id=\"3557\" class=\"elementor elementor-3557\">\n\t\t\t\t\t\t<div class=\"elementor-inner\">\n\t\t\t\t<div class=\"elementor-section-wrap\">\n\t\t\t\t\t\t\t\t\t<section class=\"elementor-section elementor-top-section elementor-element elementor-element-38ebeed elementor-section-full_width elementor-section-height-min-height elementor-section-height-default elementor-section-items-middle\" data-id=\"38ebeed\" data-element_type=\"section\" data-settings=\"{&quot;background_background&quot;:&quot;video&quot;,&quot;background_play_on_mobile&quot;:&quot;yes&quot;}\">\n\t\t\t\t\t\t<div class=\"elementor-container elementor-column-gap-default\">\n\t\t\t\t\t\t\t<div class=\"elementor-row\">\n\t\t\t\t\t<div class=\"elementor-column elementor-col-100 elementor-top-column elementor-element elementor-element-420c8f0\" data-id=\"420c8f0\" data-element_type=\"column\">\n\t\t\t<div class=\"elementor-column-wrap elementor-element-populated\">\n\t\t\t\t\t\t\t<div class=\"elementor-widget-wrap\">\n\t\t\t\t\t\t<div class=\"elementor-element elementor-element-01153fe elementor-widget elementor-widget-video\" data-id=\"01153fe\" data-element_type=\"widget\" data-settings=\"{&quot;video_type&quot;:&quot;hosted&quot;,&quot;autoplay&quot;:&quot;yes&quot;,&quot;play_on_mobile&quot;:&quot;yes&quot;,&quot;loop&quot;:&quot;yes&quot;,&quot;controls&quot;:&quot;yes&quot;}\" data-widget_type=\"video.default\">\n\t\t\t\t<div class=\"elementor-widget-container\">\n\t\t\t\t\t<div class=\"e-hosted-video elementor-wrapper elementor-open-inline\">\n\t\t\t\t\t<video class=\"elementor-video\" src=\"https:\/\/www.rossiniresort.com\/wp-content\/uploads\/2023\/10\/Massaggi_NOLOGO_compresso.mp4\" autoplay=\"\" loop=\"\" controls=\"\" playsinline=\"\" controlsList=\"nodownload\" poster=\"https:\/\/www.rossiniresort.com\/wp-content\/uploads\/2023\/10\/massaggio.jpg\"><\/video>\n\t\t\t\t<\/div>\n\t\t\t\t<\/div>\n\t\t\t\t<\/div>\n\t\t\t\t\t\t<\/div>\n\t\t\t\t\t<\/div>\n\t\t<\/div>\n\t\t\t\t\t\t\t\t<\/div>\n\t\t\t\t\t<\/div>\n\t\t<\/section>\n\t\t\t\t<section class=\"elementor-section elementor-top-section elementor-element elementor-element-fd5f478 elementor-section-boxed elementor-section-height-default elementor-section-height-default\" data-id=\"fd5f478\" data-element_type=\"section\">\n\t\t\t\t\t\t<div class=\"elementor-container elementor-column-gap-default\">\n\t\t\t\t\t\t\t<div class=\"elementor-row\">\n\t\t\t\t\t<div class=\"elementor-column elementor-col-100 elementor-top-column elementor-element elementor-element-88b5cb5\" data-id=\"88b5cb5\" data-element_type=\"column\">\n\t\t\t<div class=\"elementor-column-wrap elementor-element-populated\">\n\t\t\t\t\t\t\t<div class=\"elementor-widget-wrap\">\n\t\t\t\t\t\t<div class=\"elementor-element elementor-element-f168730 elementor-widget elementor-widget-heading\" data-id=\"f168730\" data-element_type=\"widget\" data-widget_type=\"heading.default\">\n\t\t\t\t<div class=\"elementor-widget-container\">\n\t\t\t<h2 class=\"elementor-heading-title elementor-size-default\">Im Herzen von Lignano, eine private Oase, um sich Ihrem K\u00f6rper zu widmen!<\/h2>\t\t<\/div>\n\t\t\t\t<\/div>\n\t\t\t\t\t\t<\/div>\n\t\t\t\t\t<\/div>\n\t\t<\/div>\n\t\t\t\t\t\t\t\t<\/div>\n\t\t\t\t\t<\/div>\n\t\t<\/section>\n\t\t\t\t<section class=\"elementor-section elementor-top-section elementor-element elementor-element-cf80461 elementor-section-boxed elementor-section-height-default elementor-section-height-default\" data-id=\"cf80461\" data-element_type=\"section\">\n\t\t\t\t\t\t<div class=\"elementor-container elementor-column-gap-default\">\n\t\t\t\t\t\t\t<div class=\"elementor-row\">\n\t\t\t\t\t<div class=\"elementor-column elementor-col-100 elementor-top-column elementor-element elementor-element-30291a9\" data-id=\"30291a9\" data-element_type=\"column\">\n\t\t\t<div class=\"elementor-column-wrap elementor-element-populated\">\n\t\t\t\t\t\t\t<div class=\"elementor-widget-wrap\">\n\t\t\t\t\t\t<div class=\"elementor-element elementor-element-1ff3e1c elementor-widget elementor-widget-text-editor\" data-id=\"1ff3e1c\" data-element_type=\"widget\" data-widget_type=\"text-editor.default\">\n\t\t\t\t<div class=\"elementor-widget-container\">\n\t\t\t\t\t\t\t\t<div class=\"elementor-text-editor elementor-clearfix\">\n\t\t\t\t<div align=\"center\"><p class=\"p1\">Fu\u0308r ein umfassendes Sch\u00f6nheitserlebnis, um Gesicht und K\u00f6rper zu regenerieren, g\u00f6nnen Sie sich\u00a0einen Besuch in unserer <strong>Vanity Beauty Farm<\/strong>: ein wahres Sch\u00f6nheitszentrum der Spitzenklasse im\u00a0Herzen von Lignano Sabbiadoro.<\/p><p class=\"p1\">Hier finden Sie hochwertige <strong>Sch\u00f6nheitsbehandlungen<\/strong> sowie\u00a0Programme zur <strong>K\u00f6rper- und Pers\u00f6nlichkeitspflege<\/strong> in Designumgebungen fu\u0308r ein innovatives\u00a0Konzept von authentischem Wellness.<\/p><\/div>\t\t\t\t\t<\/div>\n\t\t\t\t\t\t<\/div>\n\t\t\t\t<\/div>\n\t\t\t\t\t\t<\/div>\n\t\t\t\t\t<\/div>\n\t\t<\/div>\n\t\t\t\t\t\t\t\t<\/div>\n\t\t\t\t\t<\/div>\n\t\t<\/section>\n\t\t\t\t<section class=\"elementor-section elementor-top-section elementor-element elementor-element-75396e2 elementor-section-boxed elementor-section-height-default elementor-section-height-default\" data-id=\"75396e2\" data-element_type=\"section\" data-settings=\"{&quot;background_background&quot;:&quot;classic&quot;}\">\n\t\t\t\t\t\t<div class=\"elementor-container elementor-column-gap-default\">\n\t\t\t\t\t\t\t<div class=\"elementor-row\">\n\t\t\t\t\t<div class=\"elementor-column elementor-col-50 elementor-top-column elementor-element elementor-element-0a0f818\" data-id=\"0a0f818\" data-element_type=\"column\">\n\t\t\t<div class=\"elementor-column-wrap elementor-element-populated\">\n\t\t\t\t\t\t\t<div class=\"elementor-widget-wrap\">\n\t\t\t\t\t\t<div class=\"elementor-element elementor-element-e11a833 elementor-widget elementor-widget-themo-package\" data-id=\"e11a833\" data-element_type=\"widget\" data-widget_type=\"themo-package.default\">\n\t\t\t\t<div class=\"elementor-widget-container\">\n\t\t\t\n        <article class=\"th-package th-package-style-2\">\n\n            \n            \n                        <div class=\"th-pkg-img\">\n                                    <div class=\"th-pkg-info\">\n                                                                    <\/div>\n                                <img loading=\"lazy\" decoding=\"async\" width=\"394\" height=\"303\" src=\"https:\/\/www.rossiniresort.com\/wp-content\/uploads\/2021\/11\/Fotolia_23875489_Subscription_XL-394x303.jpg\" class=\"\" alt=\"\" \/>            <\/div>\n\n            <div class=\"th-pkg-content\">\n                                                    <h3>HAND- UND FUSSBEHANDLUNGEN<\/h3>\n                                                    <div class=\"th-package-content\">\n                        Besonders in den Sommermonaten stehen Frauenh\u00e4nde und -f\u00fc\u00dfe immer im Vordergrund.<br \/>\nNehmen Sie sich auch im Urlaub die Zeit, sich um sie zu k\u00fcmmern.                    <\/div>\n                            <\/div>\n\n        <\/article>\n\n        \t\t<\/div>\n\t\t\t\t<\/div>\n\t\t\t\t\t\t<\/div>\n\t\t\t\t\t<\/div>\n\t\t<\/div>\n\t\t\t\t<div class=\"elementor-column elementor-col-50 elementor-top-column elementor-element elementor-element-df813e6\" data-id=\"df813e6\" data-element_type=\"column\">\n\t\t\t<div class=\"elementor-column-wrap elementor-element-populated\">\n\t\t\t\t\t\t\t<div class=\"elementor-widget-wrap\">\n\t\t\t\t\t\t<div class=\"elementor-element elementor-element-1546d45 elementor-widget elementor-widget-themo-package\" data-id=\"1546d45\" data-element_type=\"widget\" data-widget_type=\"themo-package.default\">\n\t\t\t\t<div class=\"elementor-widget-container\">\n\t\t\t\n        <article class=\"th-package th-package-style-2\">\n\n            \n            \n                        <div class=\"th-pkg-img\">\n                                    <div class=\"th-pkg-info\">\n                                                                    <\/div>\n                                <img loading=\"lazy\" decoding=\"async\" width=\"394\" height=\"303\" src=\"https:\/\/www.rossiniresort.com\/wp-content\/uploads\/2021\/11\/Fotolia_4234464_Subscription_L-394x303.jpg\" class=\"\" alt=\"\" \/>            <\/div>\n\n            <div class=\"th-pkg-content\">\n                                                    <h3>MASSAGEN<\/h3>\n                                                    <div class=\"th-package-content\">\n                        Wir alle wissen, dass wir uns alle einen perfekten K\u00f6rper w\u00fcnschen: Ein paar einfache Gesten gen\u00fcgen, um ihn zu pflegen.<br \/>\nKlassische Massagen durch erfahrene H\u00e4nde k\u00f6nnen wahre Wunder bewirken und gezielte Behandlungen mit Radiofrequenz sind ein Allheilmittel f\u00fcr das Wohlbefinden der Haut am ganzen K\u00f6rper.                    <\/div>\n                            <\/div>\n\n        <\/article>\n\n        \t\t<\/div>\n\t\t\t\t<\/div>\n\t\t\t\t\t\t<\/div>\n\t\t\t\t\t<\/div>\n\t\t<\/div>\n\t\t\t\t\t\t\t\t<\/div>\n\t\t\t\t\t<\/div>\n\t\t<\/section>\n\t\t\t\t<section class=\"elementor-section elementor-top-section elementor-element elementor-element-fbad729 elementor-section-boxed elementor-section-height-default elementor-section-height-default\" data-id=\"fbad729\" data-element_type=\"section\">\n\t\t\t\t\t\t<div class=\"elementor-container elementor-column-gap-default\">\n\t\t\t\t\t\t\t<div class=\"elementor-row\">\n\t\t\t\t\t<div class=\"elementor-column elementor-col-100 elementor-top-column elementor-element elementor-element-3d5a4b1\" data-id=\"3d5a4b1\" data-element_type=\"column\">\n\t\t\t<div class=\"elementor-column-wrap elementor-element-populated\">\n\t\t\t\t\t\t\t<div class=\"elementor-widget-wrap\">\n\t\t\t\t\t\t<div class=\"elementor-element elementor-element-c83a1c1 elementor-widget elementor-widget-spacer\" data-id=\"c83a1c1\" data-element_type=\"widget\" data-widget_type=\"spacer.default\">\n\t\t\t\t<div class=\"elementor-widget-container\">\n\t\t\t\t\t<div class=\"elementor-spacer\">\n\t\t\t<div class=\"elementor-spacer-inner\"><\/div>\n\t\t<\/div>\n\t\t\t\t<\/div>\n\t\t\t\t<\/div>\n\t\t\t\t\t\t<\/div>\n\t\t\t\t\t<\/div>\n\t\t<\/div>\n\t\t\t\t\t\t\t\t<\/div>\n\t\t\t\t\t<\/div>\n\t\t<\/section>\n\t\t\t\t<section class=\"elementor-section elementor-top-section elementor-element elementor-element-58c5f15 elementor-section-boxed elementor-section-height-default elementor-section-height-default\" data-id=\"58c5f15\" data-element_type=\"section\">\n\t\t\t\t\t\t<div class=\"elementor-container elementor-column-gap-default\">\n\t\t\t\t\t\t\t<div class=\"elementor-row\">\n\t\t\t\t\t<div class=\"elementor-column elementor-col-50 elementor-top-column elementor-element elementor-element-90962c4\" data-id=\"90962c4\" data-element_type=\"column\">\n\t\t\t<div class=\"elementor-column-wrap elementor-element-populated\">\n\t\t\t\t\t\t\t<div class=\"elementor-widget-wrap\">\n\t\t\t\t\t\t<div class=\"elementor-element elementor-element-c998f60 elementor-widget elementor-widget-shortcode\" data-id=\"c998f60\" data-element_type=\"widget\" data-widget_type=\"shortcode.default\">\n\t\t\t\t<div class=\"elementor-widget-container\">\n\t\t\t\t\t<div class=\"elementor-shortcode\"><div class=\"frm_forms  with_frm_style frm_style_stile-di-formidable\" id=\"frm_form_9_container\" >\n<form enctype=\"multipart\/form-data\" method=\"post\" class=\"frm-show-form \" id=\"form_contact-form3\" >\n<div class=\"frm_form_fields \">\n<fieldset>\n<legend class=\"frm_screen_reader\">Contatti Rossini Resort DE<\/legend>\r\n\r\n<div class=\"frm_fields_container\">\n<input type=\"hidden\" name=\"frm_action\" value=\"create\" \/>\n<input type=\"hidden\" name=\"form_id\" value=\"9\" \/>\n<input type=\"hidden\" name=\"frm_hide_fields_9\" id=\"frm_hide_fields_9\" value=\"\" \/>\n<input type=\"hidden\" name=\"form_key\" value=\"contact-form3\" \/>\n<input type=\"hidden\" name=\"item_meta[0]\" value=\"\" \/>\n<input type=\"hidden\" id=\"frm_submit_entry_9\" name=\"frm_submit_entry_9\" value=\"a0cb7a91b8\" \/><input type=\"hidden\" name=\"_wp_http_referer\" value=\"\/de\/wp-json\/wp\/v2\/pages\/3557\" \/><div id=\"frm_field_77_container\" class=\"frm_form_field form-field  frm_required_field frm_top_container frm4 frm_first\">\r\n    <label for=\"field_nome2\" id=\"field_nome2_label\" class=\"frm_primary_label\">\r\n        <span class=\"frm_required\" aria-hidden=\"true\"><\/span>\r\n    <\/label>\r\n    <input type=\"text\" id=\"field_nome2\" name=\"item_meta[77]\" value=\"\"  placeholder=\"Vorname und Nachname\" data-reqmsg=\"Pflichtfeld\" aria-required=\"true\" data-invmsg=\"Name non \u00e8 valido\" aria-invalid=\"false\"  \/>\r\n    \r\n    \r\n<\/div>\n<div id=\"frm_field_78_container\" class=\"frm_form_field form-field  frm_required_field frm_top_container frm4\">\r\n    <label for=\"field_email2\" id=\"field_email2_label\" class=\"frm_primary_label\">\r\n        <span class=\"frm_required\" aria-hidden=\"true\"><\/span>\r\n    <\/label>\r\n    <input type=\"email\" id=\"field_email2\" name=\"item_meta[78]\" value=\"\"  placeholder=\"E-mail\" data-reqmsg=\"Pflichtfeld\" aria-required=\"true\" data-invmsg=\"Der Text ist ung\u00fcltig\" aria-invalid=\"false\"  \/>\r\n    \r\n    \r\n<\/div>\n<div id=\"frm_field_79_container\" class=\"frm_form_field form-field  frm_required_field frm_top_container frm4\">\r\n    <label for=\"field_telefono2\" id=\"field_telefono2_label\" class=\"frm_primary_label\">\r\n        <span class=\"frm_required\" aria-hidden=\"true\"><\/span>\r\n    <\/label>\r\n    <input type=\"tel\" id=\"field_telefono2\" name=\"item_meta[79]\" value=\"\"  placeholder=\"Telefon\" data-reqmsg=\"Pflichtfeld\" aria-required=\"true\" data-invmsg=\"Ung\u00fcltig\" aria-invalid=\"false\" pattern=\"((\\+\\d{1,3}(-|.| )?\\(?\\d\\)?(-| |.)?\\d{1,5})|(\\(?\\d{2,6}\\)?))(-|.| )?(\\d{3,4})(-|.| )?(\\d{4})(( x| ext)\\d{1,5}){0,1}$\"  \/>\r\n    \r\n    \r\n<\/div>\n<div id=\"frm_field_80_container\" class=\"frm_form_field form-field  frm_required_field frm_top_container frm_third frm_first\">\r\n    <label for=\"field_dal2\" id=\"field_dal2_label\" class=\"frm_primary_label\">\r\n        <span class=\"frm_required\" aria-hidden=\"true\"><\/span>\r\n    <\/label>\r\n    <input type=\"text\" id=\"field_dal2\" name=\"item_meta[80]\" value=\"\"  placeholder=\"Von (tt-mm-jjjj)\" data-reqmsg=\"Pflichtfeld\" aria-required=\"true\" data-invmsg=\"Der Text ist ung\u00fcltig\" aria-invalid=\"false\" pattern=\"\\d\\d-\\d\\d-\\d\\d\\d\\d$\"  \/>\r\n    \r\n    \r\n<\/div>\n<div id=\"frm_field_81_container\" class=\"frm_form_field form-field  frm_required_field frm_top_container frm_third\">\r\n    <label for=\"field_al2\" id=\"field_al2_label\" class=\"frm_primary_label\">\r\n        <span class=\"frm_required\" aria-hidden=\"true\"><\/span>\r\n    <\/label>\r\n    <input type=\"text\" id=\"field_al2\" name=\"item_meta[81]\" value=\"\"  placeholder=\"Bis (tt-mm-jjjj)\" data-reqmsg=\"Pflichtfeld\" aria-required=\"true\" data-invmsg=\"Der Text ist ung\u00fcltig\" aria-invalid=\"false\" pattern=\"\\d\\d-\\d\\d-\\d\\d\\d\\d$\"  \/>\r\n    \r\n    \r\n<\/div>\n<div id=\"frm_field_82_container\" class=\"frm_form_field form-field  frm_required_field frm_top_container frm_third\">\r\n    <label for=\"field_adulti2\" id=\"field_adulti2_label\" class=\"frm_primary_label\">\r\n        <span class=\"frm_required\" aria-hidden=\"true\"><\/span>\r\n    <\/label>\r\n    <input type=\"number\" id=\"field_adulti2\" name=\"item_meta[82]\" value=\"\"  placeholder=\"Erwachsenen\" data-reqmsg=\"Pflichtfeld\" aria-required=\"true\" data-invmsg=\"Der Text ist ung\u00fcltig\" aria-invalid=\"false\"   min=\"1\" max=\"10\" step=\"1\"\/>\r\n    \r\n    \r\n<\/div>\n<div id=\"frm_field_83_container\" class=\"frm_form_field form-field  frm_top_container frm3 frm_first vertical_radio\">\r\n    <div  id=\"field_struttura2_label\" class=\"frm_primary_label\">\r\n        <span class=\"frm_required\" aria-hidden=\"true\"><\/span>\r\n    <\/div>\r\n    <div class=\"frm_opt_container\" aria-labelledby=\"field_struttura2_label\" role=\"group\">\t\t<div class=\"frm_checkbox\" id=\"frm_checkbox_83-0\">\t\t\t<label  for=\"field_struttura2-0\">\n\t\t\t<input type=\"checkbox\" name=\"item_meta[83][]\" id=\"field_struttura2-0\" value=\"Suite Palace\"  data-invmsg=\"Dieses Feld ist ung\u00fcltig\"   \/> Suite Palace<\/label><\/div>\n\t\t<div class=\"frm_checkbox\" id=\"frm_checkbox_83-1\">\t\t\t<label  for=\"field_struttura2-1\">\n\t\t\t<input type=\"checkbox\" name=\"item_meta[83][]\" id=\"field_struttura2-1\" value=\"Superior Palace\"  data-invmsg=\"Dieses Feld ist ung\u00fcltig\"   \/> Superior Palace<\/label><\/div>\n\t\t<div class=\"frm_checkbox\" id=\"frm_checkbox_83-2\">\t\t\t<label  for=\"field_struttura2-2\">\n\t\t\t<input type=\"checkbox\" name=\"item_meta[83][]\" id=\"field_struttura2-2\" value=\"Comfort Palace\"  data-invmsg=\"Dieses Feld ist ung\u00fcltig\"   \/> Comfort Palace<\/label><\/div>\n\t\t<div class=\"frm_checkbox\" id=\"frm_checkbox_83-3\">\t\t\t<label  for=\"field_struttura2-3\">\n\t\t\t<input type=\"checkbox\" name=\"item_meta[83][]\" id=\"field_struttura2-3\" value=\"Beliebig\"  data-invmsg=\"Dieses Feld ist ung\u00fcltig\"   \/> Beliebig<\/label><\/div>\n<\/div>\r\n    \r\n    \r\n<\/div>\n<div id=\"frm_field_84_container\" class=\"frm_form_field form-field  frm_required_field frm_top_container frm9\">\r\n    <label for=\"field_messaggio2\" id=\"field_messaggio2_label\" class=\"frm_primary_label\">\r\n        <span class=\"frm_required\" aria-hidden=\"true\"><\/span>\r\n    <\/label>\r\n    <textarea name=\"item_meta[84]\" id=\"field_messaggio2\"  placeholder=\"Nachricht\" data-reqmsg=\"Pflichtfeld\" aria-required=\"true\" data-invmsg=\"Dieses Feld ist ung\u00fcltig\" aria-invalid=\"false\"  ><\/textarea>\r\n    \r\n    \r\n<\/div>\n<div id=\"frm_field_85_container\" class=\"frm_form_field form-field  frm_required_field frm_top_container frm3 frm_first vertical_radio\">\r\n    <div  id=\"field_b0h393_label\" class=\"frm_primary_label\">\r\n        <span class=\"frm_required\" aria-hidden=\"true\"><\/span>\r\n    <\/div>\r\n    <div class=\"frm_opt_container\" aria-labelledby=\"field_b0h393_label\" role=\"group\">\t\t<div class=\"frm_checkbox\" id=\"frm_checkbox_85-0\">\t\t\t<label  for=\"field_b0h393-0\">\n\t\t\t<input type=\"checkbox\" name=\"item_meta[85][]\" id=\"field_b0h393-0\" value=\"Datenschutzerkl\u00e4rung\"  data-reqmsg=\"Pflichtfeld\" data-invmsg=\"Dieses Feld ist ung\u00fcltig\"   aria-required=\"true\"  \/> Datenschutzerkl\u00e4rung<\/label><\/div>\n<\/div>\r\n    \r\n    \r\n<\/div>\n<div id=\"frm_field_86_container\" class=\"frm_form_field  frm9 frm_html_container form-field\">ICH HABE DIE <a href=\"\/de\/informativa-richiesta\/\">DATENSCHUTZERKL\u00c4RUNG<\/a> GELESEN.<br \/>\nIch erkl\u00e4re, dass ich die Informationen zur Datenverarbeitung gem\u00e4\u00df Artikel 13 und 6 der EU-Verordnung 216\/679 gelesen habe.<\/div>\n<div id=\"frm_field_87_container\" class=\"frm_form_field form-field  frm_top_container frm3 frm_first vertical_radio\">\r\n    <div  id=\"field_yin8r3_label\" class=\"frm_primary_label\">\r\n        <span class=\"frm_required\" aria-hidden=\"true\"><\/span>\r\n    <\/div>\r\n    <div class=\"frm_opt_container\" aria-labelledby=\"field_yin8r3_label\" role=\"group\">\t\t<div class=\"frm_checkbox\" id=\"frm_checkbox_87-1\">\t\t\t<label  for=\"field_yin8r3-1\">\n\t\t\t<input type=\"checkbox\" name=\"item_meta[87][]\" id=\"field_yin8r3-1\" value=\"Newsletter\"  data-invmsg=\"Dieses Feld ist ung\u00fcltig\"   \/> Newsletter<\/label><\/div>\n<\/div>\r\n    \r\n    \r\n<\/div>\n<div id=\"frm_field_88_container\" class=\"frm_form_field  frm9 frm_html_container form-field\">Ich abonniere den Newsletter, um \u00fcber Neuigkeiten und Sonderangebote informiert werden (<a href=\"\/de\/informativa-newsletter\/\">Datenschutz Gesetz<\/a>).<br \/>\nIch erkl\u00e4re, dass ich die Informationen zur Datenverarbeitung gem\u00e4\u00df Artikel 13 und 6 der EU-Verordnung 216\/679 gelesen habe.<\/div>\n<div id=\"frm_field_105_container\" class=\"frm_form_field form-field  frm_top_container\">\n\t<label for=\"field_xt0w5\" id=\"field_xt0w5_label\" class=\"frm_primary_label\">ALTCHA\n\t\t<span class=\"frm_required\" aria-hidden=\"true\"><\/span>\n\t<\/label>\n\t<div style=\"flex-basis:100%\"><altcha-widget challengeurl=\"https:\/\/www.rossiniresort.com\/de\/wp-json\/altcha\/v1\/challenge\" strings=\"{&quot;error&quot;:&quot;Verifizierung fehlgeschlagen. Bitte versuchen Sie es sp\\u00e4ter erneut.&quot;,&quot;footer&quot;:&quot;Gesch\\u00fctzt durch &lt;a href=\\&quot;https:\\\/\\\/altcha.org\\\/\\&quot; target=\\&quot;_blank\\&quot;&gt;ALTCHA&lt;\\\/a&gt;&quot;,&quot;label&quot;:&quot;Ich bin kein Roboter&quot;,&quot;verified&quot;:&quot;\\u00dcberpr\\u00fcft&quot;,&quot;verifying&quot;:&quot;\\u00dcberpr\\u00fcfung...&quot;,&quot;waitAlert&quot;:&quot;\\u00dcberpr\\u00fcfung... Bitte warten.&quot;}\" hidefooter=\"1\"><\/altcha-widget><noscript><div class=\"altcha-no-javascript\">This form requires JavaScript!<\/div><\/noscript><\/div>\n\t\n\t\n<\/div>\n<div id=\"frm_field_104_container\" class=\"frm_form_field form-field \">\n\t<div class=\"frm_submit\">\r\n\r\n<button class=\"frm_button_submit\" type=\"submit\" >Einreichen<\/button>\r\n\r\n<\/div>\n<\/div>\n\t<input type=\"hidden\" name=\"item_key\" value=\"\" \/>\n\t\t\t<div id=\"frm_field_110_container\">\n\t\t\t<label for=\"field_4u72x\" >\n\t\t\t\tFalls Du menschlich bist, lasse dieses Feld leer.\t\t\t<\/label>\n\t\t\t<input  id=\"field_4u72x\" type=\"text\" class=\"frm_form_field form-field frm_verify\" name=\"item_meta[110]\" value=\"\"  \/>\n\t\t<\/div>\n\t\t<input name=\"frm_state\" type=\"hidden\" value=\"vJas7liSxlvP05YMRD2DV7BLScyENVMNn6j+ALXRNFo=\" \/><\/div>\n<\/fieldset>\n<\/div>\n\n<\/form>\n<\/div>\n<\/div>\n\t\t\t\t<\/div>\n\t\t\t\t<\/div>\n\t\t\t\t\t\t<\/div>\n\t\t\t\t\t<\/div>\n\t\t<\/div>\n\t\t\t\t<div class=\"elementor-column elementor-col-50 elementor-top-column elementor-element elementor-element-c772593\" data-id=\"c772593\" data-element_type=\"column\">\n\t\t\t<div class=\"elementor-column-wrap elementor-element-populated\">\n\t\t\t\t\t\t\t<div class=\"elementor-widget-wrap\">\n\t\t\t\t\t\t<div class=\"elementor-element elementor-element-213489a elementor-widget elementor-widget-image\" data-id=\"213489a\" data-element_type=\"widget\" data-widget_type=\"image.default\">\n\t\t\t\t<div class=\"elementor-widget-container\">\n\t\t\t\t\t\t\t\t<div class=\"elementor-image\">\n\t\t\t\t\t\t\t\t\t\t\t\t\t<a href=\"https:\/\/www.google.com\/maps\/place\/Hotel+Rossini\/@45.6877723,13.1359401,17z\/data=!3m2!4b1!5s0x477b940dcf386387:0xf25eec92e37eefa3!4m8!3m7!1s0x477b940dcf65d7a1:0x59d37a2ecbd527f!5m2!4m1!1i2!8m2!3d45.6877674!4d13.138132\">\n\t\t\t\t\t\t\t<img loading=\"lazy\" decoding=\"async\" width=\"506\" height=\"376\" src=\"https:\/\/www.rossiniresort.com\/wp-content\/uploads\/2021\/10\/rossini-resort-mappa.png\" class=\"attachment-full size-full wp-image-1703\" alt=\"\" srcset=\"https:\/\/www.rossiniresort.com\/wp-content\/uploads\/2021\/10\/rossini-resort-mappa.png 506w, https:\/\/www.rossiniresort.com\/wp-content\/uploads\/2021\/10\/rossini-resort-mappa-300x223.png 300w, https:\/\/www.rossiniresort.com\/wp-content\/uploads\/2021\/10\/rossini-resort-mappa-135x100.png 135w, https:\/\/www.rossiniresort.com\/wp-content\/uploads\/2021\/10\/rossini-resort-mappa-108x80.png 108w, https:\/\/www.rossiniresort.com\/wp-content\/uploads\/2021\/10\/rossini-resort-mappa-394x293.png 394w\" sizes=\"auto, (max-width: 506px) 100vw, 506px\" \/>\t\t\t\t\t\t\t\t<\/a>\n\t\t\t\t\t\t\t\t\t\t\t\t\t\t<\/div>\n\t\t\t\t\t\t<\/div>\n\t\t\t\t<\/div>\n\t\t\t\t\t\t<\/div>\n\t\t\t\t\t<\/div>\n\t\t<\/div>\n\t\t\t\t\t\t\t\t<\/div>\n\t\t\t\t\t<\/div>\n\t\t<\/section>\n\t\t\t\t\t\t\t\t\t<\/div>\n\t\t\t<\/div>\n\t\t\t\t\t<\/div>\n\t\t","protected":false},"excerpt":{"rendered":"<p>https:\/\/www.rossiniresort.com\/wp-content\/uploads\/2023\/10\/Massaggi_NOLOGO_compresso.mp4 Im Herzen von Lignano, eine private Oase, um sich Ihrem K\u00f6rper zu widmen! Fu\u0308r ein umfassendes Sch\u00f6nheitserlebnis, um Gesicht und K\u00f6rper zu regenerieren, g\u00f6nnen Sie sich\u00a0einen Besuch in unserer Vanity Beauty Farm: ein wahres Sch\u00f6nheitszentrum der Spitzenklasse im\u00a0Herzen von &hellip; <a href=\"https:\/\/www.rossiniresort.com\/de\/beauty\/\">Read More<\/a><\/p>\n","protected":false},"author":3,"featured_media":0,"parent":0,"menu_order":0,"comment_status":"closed","ping_status":"closed","template":"","meta":{"footnotes":""},"class_list":["post-3557","page","type-page","status-publish","hentry"],"_links":{"self":[{"href":"https:\/\/www.rossiniresort.com\/de\/wp-json\/wp\/v2\/pages\/3557","targetHints":{"allow":["GET"]}}],"collection":[{"href":"https:\/\/www.rossiniresort.com\/de\/wp-json\/wp\/v2\/pages"}],"about":[{"href":"https:\/\/www.rossiniresort.com\/de\/wp-json\/wp\/v2\/types\/page"}],"author":[{"embeddable":true,"href":"https:\/\/www.rossiniresort.com\/de\/wp-json\/wp\/v2\/users\/3"}],"replies":[{"embeddable":true,"href":"https:\/\/www.rossiniresort.com\/de\/wp-json\/wp\/v2\/comments?post=3557"}],"version-history":[{"count":2,"href":"https:\/\/www.rossiniresort.com\/de\/wp-json\/wp\/v2\/pages\/3557\/revisions"}],"predecessor-version":[{"id":4220,"href":"https:\/\/www.rossiniresort.com\/de\/wp-json\/wp\/v2\/pages\/3557\/revisions\/4220"}],"wp:attachment":[{"href":"https:\/\/www.rossiniresort.com\/de\/wp-json\/wp\/v2\/media?parent=3557"}],"curies":[{"name":"wp","href":"https:\/\/api.w.org\/{rel}","templated":true}]}}